{"id":789,"date":"2023-09-23T17:57:29","date_gmt":"2023-09-23T18:57:29","guid":{"rendered":"https:\/\/www.prizmaconsulting.hu\/?page_id=789"},"modified":"2023-11-06T21:37:57","modified_gmt":"2023-11-06T22:37:57","slug":"strategiai-partnerek-kivalasztasa","status":"publish","type":"page","link":"https:\/\/www.prizmaconsulting.hu\/?page_id=789","title":{"rendered":"Strat\u00e9giai Partnerek kiv\u00e1laszt\u00e1sa"},"content":{"rendered":"\n<h2 class=\"wp-block-heading\" style=\"font-size:18px\"><strong>A tudatos c\u00e9gvezet\u0151 profikra b\u00edzza strat\u00e9giai partnereinek kiv\u00e1laszt\u00e1s\u00e1t. <\/strong><\/h2>\n\n\n\n<p style=\"font-size:18px\">Legyen a c\u00e9l egy informatikai rendszer bevezet\u00e9se, egy szolg\u00e1ltat\u00e1s (applik\u00e1ci\u00f3) el\u0151fizet\u00e9se, vagy online marketing eszk\u00f6z\u00f6k kiv\u00e1laszt\u00e1sa, fontos, hogy el\u0151re meghat\u00e1roz\u00e1sra ker\u00fcljenek az \u00fczleti ig\u00e9nyek \u00e9s k\u00f6vetelm\u00e9nyek, mert csak \u00edgy biztos\u00edthat\u00f3 hogy a kiv\u00e1lasztott szolg\u00e1ltat\u00e1s, vagy informatikai eszk\u00f6z t\u00e9nylegesen az \u00fczleti ig\u00e9nyeire lesz szabva. Csak olyan dolgok\u00e9rt fizess\u00fcnk, amir\u0151l tudjuk, hogy \u00e9rt\u00e9ket teremt. Ha nem \u00edgy tesz\u00fcnk, akkor a beszerz\u00e9s\u00fcnk kiad\u00e1s lesz csup\u00e1n, \u00e9s nem j\u00e1rul hozz\u00e1 a fejl\u0151d\u00e9shez, \u00e9s c\u00e9g\u00fcnk n\u00f6veked\u00e9s\u00e9hez. <\/p>\n\n\n\n<p style=\"font-size:18px\"><strong>Mott\u00f3: Hat\u00e1rozd meg mire van sz\u00fcks\u00e9ged, k\u00e9sz\u00fclj fel \u00e9s t\u00e1rgyalj profin!<\/strong><\/p>\n\n\n\n<div class=\"wp-block-media-text is-stacked-on-mobile is-vertically-aligned-center\" style=\"grid-template-columns:59% auto\"><figure class=\"wp-block-media-text__media\"><img fetchpriority=\"high\" decoding=\"async\" width=\"1024\" height=\"768\" src=\"https:\/\/mlmuispqghfu.i.optimole.com\/w:auto\/h:auto\/q:mauto\/f:best\/https:\/\/www.prizmaconsulting.hu\/wp-content\/uploads\/2023\/08\/PC_beszallito_kivalasztas-1.png\" alt=\"\" class=\"wp-image-792 size-full\" srcset=\"https:\/\/mlmuispqghfu.i.optimole.com\/w:auto\/h:auto\/q:mauto\/f:best\/https:\/\/www.prizmaconsulting.hu\/wp-content\/uploads\/2023\/08\/PC_beszallito_kivalasztas-1.png 1024w, https:\/\/mlmuispqghfu.i.optimole.com\/w:300\/h:225\/q:mauto\/f:best\/https:\/\/www.prizmaconsulting.hu\/wp-content\/uploads\/2023\/08\/PC_beszallito_kivalasztas-1.png 300w, https:\/\/mlmuispqghfu.i.optimole.com\/w:768\/h:576\/q:mauto\/f:best\/https:\/\/www.prizmaconsulting.hu\/wp-content\/uploads\/2023\/08\/PC_beszallito_kivalasztas-1.png 768w\" sizes=\"(max-width: 1024px) 100vw, 1024px\" \/><\/figure><div class=\"wp-block-media-text__content\">\n<p style=\"font-size:18px\"><strong>Az aj\u00e1nlatk\u00e9r\u00e9s \u00e9s a partnerkiv\u00e1laszt\u00e1s folyamata. <\/strong><\/p>\n\n\n\n<ol class=\"wp-block-list\">\n<li style=\"font-size:18px\">Ig\u00e9nyek meghat\u00e1roz\u00e1sa, \u00fczleti \u00e9s m\u0171szaki k\u00f6vetelm\u00e9nyek azonos\u00edt\u00e1sa<\/li>\n\n\n\n<li style=\"font-size:18px\">\u00dczleti \u00e9s m\u0171szaki k\u00f6vetelm\u00e9nyekre aj\u00e1nlatok bek\u00e9r\u00e9se 2-3 sz\u00e1ll\u00edt\u00f3t\u00f3l<\/li>\n\n\n\n<li style=\"font-size:18px\">Aj\u00e1nlatok ki\u00e9rt\u00e9kel\u00e9se \u00e9s \u00f6sszehasonl\u00edt\u00e1sa \u00e1r\/\u00e9rt\u00e9k szerint<\/li>\n\n\n\n<li style=\"font-size:18px\">D\u00f6nt\u00e9s el\u0151k\u00e9sz\u00edt\u00e9s \u00e9s javaslat \u00f6ssze\u00e1ll\u00edt\u00e1sa <\/li>\n\n\n\n<li style=\"font-size:18px\">Kiv\u00e1laszt\u00e1s \u00e9s szerz\u0151d\u00e9sk\u00f6t\u00e9s el\u0151k\u00e9sz\u00edt\u00e9se<\/li>\n<\/ol>\n<\/div><\/div>\n\n\n\n<div class=\"wp-block-buttons is-layout-flex wp-block-buttons-is-layout-flex\">\n<div class=\"wp-block-button has-custom-width wp-block-button__width-50\"><a class=\"wp-block-button__link has-background wp-element-button\" href=\"https:\/\/www.prizmaconsulting.hu\/?page_id=179\" style=\"border-radius:0px;background-color:#117aa7\">Tov\u00e1bbi r\u00e9szletek<\/a><\/div>\n\n\n\n<div class=\"wp-block-button has-custom-width wp-block-button__width-50 alignright is-style-fill\"><a class=\"wp-block-button__link has-white-color has-text-color has-background wp-element-button\" href=\"https:\/\/www.prizmaconsulting.hu\/?page_id=356\" style=\"border-radius:0px;background-color:#117aa7\">Aj\u00e1nlatk\u00e9r\u00e9s<\/a><\/div>\n<\/div>\n\n\n\n<hr class=\"wp-block-separator has-alpha-channel-opacity is-style-wide\"\/>\n","protected":false},"excerpt":{"rendered":"<p>A tudatos c\u00e9gvezet\u0151 profikra b\u00edzza strat\u00e9giai partnereinek kiv\u00e1laszt\u00e1s\u00e1t. Legyen a c\u00e9l egy informatikai rendszer bevezet\u00e9se, egy szolg\u00e1ltat\u00e1s (applik\u00e1ci\u00f3) el\u0151fizet\u00e9se, vagy online marketing eszk\u00f6z\u00f6k kiv\u00e1laszt\u00e1sa, fontos, hogy el\u0151re meghat\u00e1roz\u00e1sra ker\u00fcljenek az &#8230;<\/p>\n","protected":false},"author":1,"featured_media":0,"parent":0,"menu_order":0,"comment_status":"open","ping_status":"closed","template":"","meta":{"_themeisle_gutenberg_block_has_review":false,"_ti_tpc_template_sync":false,"_ti_tpc_template_id":"","footnotes":""},"class_list":["post-789","page","type-page","status-publish","hentry"],"_links":{"self":[{"href":"https:\/\/www.prizmaconsulting.hu\/index.php?rest_route=\/wp\/v2\/pages\/789","targetHints":{"allow":["GET"]}}],"collection":[{"href":"https:\/\/www.prizmaconsulting.hu\/index.php?rest_route=\/wp\/v2\/pages"}],"about":[{"href":"https:\/\/www.prizmaconsulting.hu\/index.php?rest_route=\/wp\/v2\/types\/page"}],"author":[{"embeddable":true,"href":"https:\/\/www.prizmaconsulting.hu\/index.php?rest_route=\/wp\/v2\/users\/1"}],"replies":[{"embeddable":true,"href":"https:\/\/www.prizmaconsulting.hu\/index.php?rest_route=%2Fwp%2Fv2%2Fcomments&post=789"}],"version-history":[{"count":13,"href":"https:\/\/www.prizmaconsulting.hu\/index.php?rest_route=\/wp\/v2\/pages\/789\/revisions"}],"predecessor-version":[{"id":1451,"href":"https:\/\/www.prizmaconsulting.hu\/index.php?rest_route=\/wp\/v2\/pages\/789\/revisions\/1451"}],"wp:attachment":[{"href":"https:\/\/www.prizmaconsulting.hu\/index.php?rest_route=%2Fwp%2Fv2%2Fmedia&parent=789"}],"curies":[{"name":"wp","href":"https:\/\/api.w.org\/{rel}","templated":true}]}}