{"id":785,"date":"2023-09-23T16:06:59","date_gmt":"2023-09-23T17:06:59","guid":{"rendered":"https:\/\/www.prizmaconsulting.hu\/?page_id=785"},"modified":"2023-11-06T21:20:08","modified_gmt":"2023-11-06T22:20:08","slug":"hogyan-dolgozunk","status":"publish","type":"page","link":"https:\/\/www.prizmaconsulting.hu\/?page_id=785","title":{"rendered":"Hogyan dolgozunk"},"content":{"rendered":"\n<blockquote class=\"wp-block-quote is-layout-flow wp-block-quote-is-layout-flow\">\n<p style=\"font-size:18px\">\u201eT\u00f6ltsd id\u0151d 80 sz\u00e1zal\u00e9k\u00e1t azzal, hogy a holnap lehet\u0151s\u00e9geire f\u00f3kusz\u00e1lsz \u00e9s nem a tegnap probl\u00e9m\u00e1ira.\u201d <\/p>\n\n\n\n<p style=\"font-size:18px\"><strong> <\/strong>Brian Tracy (\u00fczletember, motiv\u00e1ci\u00f3s el\u0151ad\u00f3, \u00edr\u00f3)<\/p>\n<\/blockquote>\n\n\n\n<div class=\"wp-block-columns is-layout-flex wp-container-core-columns-is-layout-1 wp-block-columns-is-layout-flex\">\n<div class=\"wp-block-column is-layout-flow wp-block-column-is-layout-flow\" style=\"flex-basis:33.33%\"><div class=\"wp-block-image\">\n<figure class=\"aligncenter size-full is-resized\"><img fetchpriority=\"high\" decoding=\"async\" width=\"347\" height=\"855\" src=\"https:\/\/mlmuispqghfu.i.optimole.com\/w:auto\/h:auto\/q:mauto\/f:best\/http:\/\/www.prizmaconsulting.hu\/wp-content\/uploads\/2023\/08\/PC_FejlodesiProgram_infografika.png\" alt=\"\" class=\"wp-image-786\" style=\"width:271px;height:668px\" srcset=\"https:\/\/mlmuispqghfu.i.optimole.com\/w:auto\/h:auto\/q:mauto\/f:best\/https:\/\/www.prizmaconsulting.hu\/wp-content\/uploads\/2023\/08\/PC_FejlodesiProgram_infografika.png 347w, https:\/\/mlmuispqghfu.i.optimole.com\/w:122\/h:300\/q:mauto\/f:best\/https:\/\/www.prizmaconsulting.hu\/wp-content\/uploads\/2023\/08\/PC_FejlodesiProgram_infografika.png 122w\" sizes=\"(max-width: 347px) 100vw, 347px\" \/><\/figure><\/div><\/div>\n\n\n\n<div class=\"wp-block-column is-layout-flow wp-block-column-is-layout-flow\" style=\"flex-basis:66.66%\">\n<ol class=\"wp-block-list\">\n<li style=\"font-size:18px\"><strong>FELADATMEGHAT\u00c1ROZ\u00c1S<\/strong>\n\n\n\n\n\n\n\n\n<ul class=\"wp-block-list\" style=\"font-size:15px\">\n<li>a feladatmeghat\u00e1roz\u00e1shoz k\u00e9t tal\u00e1lkoz\u00f3 sz\u00fcks\u00e9ges <\/li>\n\n\n\n<li>az els\u0151 tal\u00e1lkoz\u00e1son besz\u00e9lget\u00fcnk, k\u00f6rbej\u00e1rjuk a felvetett probl\u00e9m\u00e1t<\/li>\n\n\n\n<li>a m\u00e1sodik alkalomra egy \u00f6sszefoglal\u00f3val \u00e9rkez\u00fcnk, melyben struktur\u00e1ltan jelen\u00edtj\u00fck meg az els\u0151 besz\u00e9lget\u00e9s r\u00e9szleteit <\/li>\n<\/ul>\n\n\n\n<ul class=\"wp-block-list\" style=\"font-size:15px\">\n<li>aj\u00e1nlatunkat a m\u00e1sodik tal\u00e1lkoz\u00e1st k\u00f6vet\u0151en k\u00e9sz\u00edtj\u00fck el<\/li>\n\n\n\n<li>a feladatmeghat\u00e1roz\u00e1s k\u00e9t tal\u00e1lkoz\u00f3ja, ingyenes<\/li>\n<\/ul>\n<\/li>\n\n\n\n<li style=\"font-size:18px\"><strong>\u00c1TVIL\u00c1G\u00cdT\u00c1S<\/strong>\n<ul class=\"wp-block-list\">\n<li style=\"font-size:15px\">az aj\u00e1nlatban meghat\u00e1rozott feladatok elv\u00e9gz\u00e9s\u00e9t \u00e1tvil\u00e1g\u00edt\u00e1ssal kezdj\u00fck<\/li>\n\n\n\n<li style=\"font-size:15px\">k\u00f6rbej\u00e1rjuk, hogy milyen &#8222;hard&#8221; adatok (sz\u00e1mok, dokumentumok) \u00e9s milyen egy\u00e9b &#8222;szoft&#8221; inform\u00e1ci\u00f3k  (gyakorlat, szok\u00e1sok) \u00e1llnak rendelkez\u00e9sre<\/li>\n\n\n\n<li style=\"font-size:15px\">megtervezz\u00fck az adatgy\u0171jt\u00e9s m\u00f3dj\u00e1t, \u00e9s az elemz\u00e9s menet\u00e9t<\/li>\n<\/ul>\n<\/li>\n\n\n\n<li style=\"font-size:18px\"><strong>ELEMZ\u00c9S \u00e9s JAVASLATOK<\/strong>\n\n\n\n\n\n\n\n\n<ul class=\"wp-block-list\" style=\"font-size:15px\">\n<li>\u00f6sszegy\u0171jtj\u00fck az adatokat, inform\u00e1ci\u00f3kat<\/li>\n\n\n\n<li>mindent nyilv\u00e1ntart\u00e1sba vesz\u00fcnk, struktur\u00e1lunk<\/li>\n<\/ul>\n\n\n\n<ul class=\"wp-block-list\" style=\"font-size:15px\">\n<li>d\u00f6nt\u00e9st t\u00e1mogat\u00f3 anyagot \u00e1ll\u00edtunk \u00f6ssze, legal\u00e1bb 2 javaslattal <\/li>\n<\/ul>\n<\/li>\n\n\n\n<li style=\"font-size:18px\"><strong>EREDM\u00c9NY <\/strong>\n<ul class=\"wp-block-list\">\n<li style=\"font-size:15px\">D\u00f6nt\u00e9st k\u00f6vet\u0151en a kiv\u00e1lasztott opci\u00f3 szerint el\u0151\u00e1ll\u00edtjuk az int\u00e9zked\u00e9si tervet<\/li>\n\n\n\n<li style=\"font-size:15px\">K\u00fcl\u00f6n meg\u00e1llapod\u00e1s keret\u00e9ben lebonyol\u00edtjuk az int\u00e9zked\u00e9si terv v\u00e9grehajt\u00e1s\u00e1t<\/li>\n<\/ul>\n<\/li>\n<\/ol>\n<\/div>\n<\/div>\n\n\n\n<hr class=\"wp-block-separator has-alpha-channel-opacity is-style-wide\"\/>\n\n\n\n<div class=\"wp-block-buttons is-layout-flex wp-block-buttons-is-layout-flex\">\n<div class=\"wp-block-button has-custom-width wp-block-button__width-50 has-custom-font-size alignleft is-style-outline is-style-outline--1\" style=\"font-size:18px\"><a class=\"wp-block-button__link has-white-color has-text-color has-background wp-element-button\" href=\"https:\/\/www.prizmaconsulting.hu\/\" style=\"border-radius:0px;background-color:#117aa7\">Vissza a kezd\u0151oldalra<\/a><\/div>\n\n\n\n<div class=\"wp-block-button has-custom-width wp-block-button__width-50 alignright is-style-fill\"><a class=\"wp-block-button__link has-white-color has-text-color has-background wp-element-button\" href=\"https:\/\/www.prizmaconsulting.hu\/?page_id=356\" style=\"border-radius:0px;background-color:#117aa7\">Aj\u00e1nlatk\u00e9r\u00e9s<\/a><\/div>\n<\/div>\n","protected":false},"excerpt":{"rendered":"<p>\u201eT\u00f6ltsd id\u0151d 80 sz\u00e1zal\u00e9k\u00e1t azzal, hogy a holnap lehet\u0151s\u00e9geire f\u00f3kusz\u00e1lsz \u00e9s nem a tegnap probl\u00e9m\u00e1ira.\u201d Brian Tracy (\u00fczletember, motiv\u00e1ci\u00f3s el\u0151ad\u00f3, \u00edr\u00f3)<\/p>\n","protected":false},"author":1,"featured_media":413,"parent":0,"menu_order":0,"comment_status":"closed","ping_status":"closed","template":"","meta":{"_themeisle_gutenberg_block_has_review":false,"_ti_tpc_template_sync":false,"_ti_tpc_template_id":"","footnotes":""},"class_list":["post-785","page","type-page","status-publish","has-post-thumbnail","hentry"],"_links":{"self":[{"href":"https:\/\/www.prizmaconsulting.hu\/index.php?rest_route=\/wp\/v2\/pages\/785","targetHints":{"allow":["GET"]}}],"collection":[{"href":"https:\/\/www.prizmaconsulting.hu\/index.php?rest_route=\/wp\/v2\/pages"}],"about":[{"href":"https:\/\/www.prizmaconsulting.hu\/index.php?rest_route=\/wp\/v2\/types\/page"}],"author":[{"embeddable":true,"href":"https:\/\/www.prizmaconsulting.hu\/index.php?rest_route=\/wp\/v2\/users\/1"}],"replies":[{"embeddable":true,"href":"https:\/\/www.prizmaconsulting.hu\/index.php?rest_route=%2Fwp%2Fv2%2Fcomments&post=785"}],"version-history":[{"count":9,"href":"https:\/\/www.prizmaconsulting.hu\/index.php?rest_route=\/wp\/v2\/pages\/785\/revisions"}],"predecessor-version":[{"id":1440,"href":"https:\/\/www.prizmaconsulting.hu\/index.php?rest_route=\/wp\/v2\/pages\/785\/revisions\/1440"}],"wp:featuredmedia":[{"embeddable":true,"href":"https:\/\/www.prizmaconsulting.hu\/index.php?rest_route=\/wp\/v2\/media\/413"}],"wp:attachment":[{"href":"https:\/\/www.prizmaconsulting.hu\/index.php?rest_route=%2Fwp%2Fv2%2Fmedia&parent=785"}],"curies":[{"name":"wp","href":"https:\/\/api.w.org\/{rel}","templated":true}]}}