{"id":695,"date":"2023-01-31T16:30:41","date_gmt":"2023-01-31T18:30:41","guid":{"rendered":"https:\/\/www.prizmaconsulting.hu\/?page_id=695"},"modified":"2023-11-06T21:33:36","modified_gmt":"2023-11-06T22:33:36","slug":"egyeb-szolgaltatas","status":"publish","type":"page","link":"https:\/\/www.prizmaconsulting.hu\/?page_id=695","title":{"rendered":"Fejleszt\u00e9si Program"},"content":{"rendered":"\n<p style=\"font-size:20px\"><strong>A c\u00e9g folyamatos fejl\u0151d\u00e9se l\u00e9tk\u00e9rd\u00e9s!<\/strong><\/p>\n\n\n\n<p style=\"font-size:18px\">Gyorsan v\u00e1ltoz\u00f3 vil\u00e1gunkban, a technol\u00f3giai fejl\u0151d\u00e9s a szab\u00e1lyz\u00f3i k\u00f6rnyezet gyors v\u00e1ltoz\u00e1sa \u00e9s nem utols\u00f3 sorban a fiatal gener\u00e1ci\u00f3 tud\u00e1sv\u00e1gya \u00e9s hatalmas temp\u00f3ja arra k\u00e9szteti a c\u00e9gtulajdonosokat, c\u00e9gvezet\u0151ket, hogy magasabb fokozatra kapcsoljanak. A folyamatos felk\u00e9sz\u00fcl\u00e9s ma m\u00e1r nem el\u0151ny, hanem elv\u00e1r\u00e1s. Ennek a kih\u00edv\u00e1snak csak akkor lehet megfelelni, ha minden c\u00e9gtulajdonos mellett van legal\u00e1bb egy tan\u00e1csad\u00f3.<\/p>\n\n\n\n<p><\/p>\n\n\n\n<div class=\"wp-block-buttons is-layout-flex wp-block-buttons-is-layout-flex\">\n<div class=\"wp-block-button has-custom-width wp-block-button__width-50\"><a class=\"wp-block-button__link has-background wp-element-button\" href=\"https:\/\/www.prizmaconsulting.hu\/?page_id=191\" style=\"border-radius:0px;background-color:#117aa7\">Tov\u00e1bbi r\u00e9szletek<\/a><\/div>\n\n\n\n<div class=\"wp-block-button has-custom-width wp-block-button__width-50\"><a class=\"wp-block-button__link has-background wp-element-button\" href=\"https:\/\/www.prizmaconsulting.hu\/?page_id=356\" style=\"border-radius:0px;background-color:#117aa7\">Aj\u00e1nlatk\u00e9r\u00e9s<\/a><\/div>\n<\/div>\n","protected":false},"excerpt":{"rendered":"<p>A c\u00e9g folyamatos fejl\u0151d\u00e9se l\u00e9tk\u00e9rd\u00e9s! Gyorsan v\u00e1ltoz\u00f3 vil\u00e1gunkban, a technol\u00f3giai fejl\u0151d\u00e9s a szab\u00e1lyz\u00f3i k\u00f6rnyezet gyors v\u00e1ltoz\u00e1sa \u00e9s nem utols\u00f3 sorban a fiatal gener\u00e1ci\u00f3 tud\u00e1sv\u00e1gya \u00e9s hatalmas temp\u00f3ja arra k\u00e9szteti a &#8230;<\/p>\n","protected":false},"author":1,"featured_media":0,"parent":0,"menu_order":0,"comment_status":"open","ping_status":"closed","template":"template-fullwidth.php","meta":{"_themeisle_gutenberg_block_has_review":false,"_ti_tpc_template_sync":false,"_ti_tpc_template_id":"","footnotes":""},"class_list":["post-695","page","type-page","status-publish","hentry"],"_links":{"self":[{"href":"https:\/\/www.prizmaconsulting.hu\/index.php?rest_route=\/wp\/v2\/pages\/695","targetHints":{"allow":["GET"]}}],"collection":[{"href":"https:\/\/www.prizmaconsulting.hu\/index.php?rest_route=\/wp\/v2\/pages"}],"about":[{"href":"https:\/\/www.prizmaconsulting.hu\/index.php?rest_route=\/wp\/v2\/types\/page"}],"author":[{"embeddable":true,"href":"https:\/\/www.prizmaconsulting.hu\/index.php?rest_route=\/wp\/v2\/users\/1"}],"replies":[{"embeddable":true,"href":"https:\/\/www.prizmaconsulting.hu\/index.php?rest_route=%2Fwp%2Fv2%2Fcomments&post=695"}],"version-history":[{"count":10,"href":"https:\/\/www.prizmaconsulting.hu\/index.php?rest_route=\/wp\/v2\/pages\/695\/revisions"}],"predecessor-version":[{"id":1448,"href":"https:\/\/www.prizmaconsulting.hu\/index.php?rest_route=\/wp\/v2\/pages\/695\/revisions\/1448"}],"wp:attachment":[{"href":"https:\/\/www.prizmaconsulting.hu\/index.php?rest_route=%2Fwp%2Fv2%2Fmedia&parent=695"}],"curies":[{"name":"wp","href":"https:\/\/api.w.org\/{rel}","templated":true}]}}