{"id":547,"date":"2019-06-04T18:49:08","date_gmt":"2019-06-04T20:49:08","guid":{"rendered":"http:\/\/www.prizmaconsulting.hu\/?page_id=547"},"modified":"2023-11-06T21:36:41","modified_gmt":"2023-11-06T22:36:41","slug":"az-egyen-tamogatasa","status":"publish","type":"page","link":"https:\/\/www.prizmaconsulting.hu\/?page_id=547","title":{"rendered":"Felk\u00e9sz\u00fcl\u00e9s a Fenntarthat\u00f3s\u00e1gra"},"content":{"rendered":"\n<p style=\"font-size:18px\">Legyen a c\u00e9gednek saj\u00e1t <strong>Fenntarthat\u00f3s\u00e1gi Strat\u00e9gi\u00e1ja<\/strong>! <\/p>\n\n\n\n<p style=\"font-size:18px\">A Fenntarthat\u00f3 m\u0171k\u00f6d\u00e9s ma m\u00e1r alapelv\u00e1r\u00e1s minden c\u00e9ggel szemben. Legyen a c\u00e9g kicsi vagy nagy; szolg\u00e1ltat\u00f3 vagy termel\u0151, v\u00e1llalnia kell a fenntarthat\u00f3s\u00e1gi ir\u00e1nyelveknek val\u00f3 megfelel\u00e9st. <\/p>\n\n\n\n<p style=\"font-size:18px\">Honnan lehet felismerni, hogy itt az ideje felk\u00e9sz\u00fclni? <\/p>\n\n\n\n<ul class=\"wp-block-list\" style=\"font-size:18px\">\n<li style=\"font-size:18px\"><strong>\u00faj partneri egy\u00fcttm\u0171k\u00f6d\u00e9s <\/strong>kialakul\u00e1sa van folyamatban \u00e9s a partner szerz\u0151d\u00e9sk\u00f6t\u00e9si felt\u00e9telk\u00e9nt elv\u00e1rja a fenntarthat\u00f3 m\u0171k\u00f6d\u00e9snek az igazol\u00e1s\u00e1t<\/li>\n\n\n\n<li style=\"font-size:18px\"><strong>m\u00e1r megl\u00e9v\u0151 partner<\/strong>, aki jelent\u0151s \u00e1rbev\u00e9telt biztos\u00edt a c\u00e9g sz\u00e1m\u00e1ra, fenntarthat\u00f3 m\u0171k\u00f6d\u00e9s igazol\u00e1s\u00e1hoz adatszolg\u00e1ltat\u00e1st \u00e9s\/vagy tan\u00fas\u00edtv\u00e1nyt k\u00e9r a tov\u00e1bbi egy\u00fcttm\u0171k\u00f6d\u00e9s biztos\u00edt\u00e1s\u00e1ra.<\/li>\n\n\n\n<li style=\"font-size:18px\"><strong>hitelk\u00e9relem bead\u00e1s\u00e1hoz vagy a m\u00e1r megl\u00e9v\u0151 hitel rendes \u00e9ves fel\u00fclvizsg\u00e1latakor <\/strong>sz\u00fcks\u00e9ges a fenntarthat\u00f3s\u00e1gra vonatkoz\u00f3 adatokr\u00f3l is nyilatkozni. (a hitelkamata \u00e9s a fenntarthat\u00f3s\u00e1g k\u00f6zvetlen kapcsolatban van egym\u00e1ssal: min\u00e9l kev\u00e9sb\u00e9 igazolhat\u00f3 a fenntarthat\u00f3 m\u0171k\u00f6d\u00e9s, ann\u00e1l magasabb hitelkamat ker\u00fcl meg\u00e1llap\u00edt\u00e1sra)<\/li>\n<\/ul>\n\n\n\n<p><\/p>\n\n\n\n<p><\/p>\n\n\n\n<div class=\"wp-block-buttons is-layout-flex wp-block-buttons-is-layout-flex\">\n<div class=\"wp-block-button has-custom-width wp-block-button__width-50 has-custom-font-size alignleft\" style=\"font-size:18px\"><a class=\"wp-block-button__link has-background wp-element-button\" href=\"https:\/\/www.prizmaconsulting.hu\/?page_id=796\" style=\"border-radius:0px;background-color:#117aa7\">Tov\u00e1bb a r\u00e9szletek\u00e9rt<\/a><\/div>\n\n\n\n<div class=\"wp-block-button has-custom-width wp-block-button__width-50 has-custom-font-size alignleft\" style=\"font-size:18px\"><a class=\"wp-block-button__link has-background wp-element-button\" href=\"https:\/\/www.prizmaconsulting.hu\/?page_id=356\" style=\"border-radius:0px;background-color:#117aa7\">Aj\u00e1nlatk\u00e9r\u00e9s<\/a><\/div>\n<\/div>\n","protected":false},"excerpt":{"rendered":"<p>Legyen a c\u00e9gednek saj\u00e1t Fenntarthat\u00f3s\u00e1gi Strat\u00e9gi\u00e1ja! A Fenntarthat\u00f3 m\u0171k\u00f6d\u00e9s ma m\u00e1r alapelv\u00e1r\u00e1s minden c\u00e9ggel szemben. Legyen a c\u00e9g kicsi vagy nagy; szolg\u00e1ltat\u00f3 vagy termel\u0151, v\u00e1llalnia kell a fenntarthat\u00f3s\u00e1gi ir\u00e1nyelveknek val\u00f3 &#8230;<\/p>\n","protected":false},"author":1,"featured_media":0,"parent":0,"menu_order":0,"comment_status":"open","ping_status":"closed","template":"template-fullwidth.php","meta":{"_themeisle_gutenberg_block_has_review":false,"_ti_tpc_template_sync":false,"_ti_tpc_template_id":"","footnotes":""},"class_list":["post-547","page","type-page","status-publish","hentry"],"_links":{"self":[{"href":"https:\/\/www.prizmaconsulting.hu\/index.php?rest_route=\/wp\/v2\/pages\/547","targetHints":{"allow":["GET"]}}],"collection":[{"href":"https:\/\/www.prizmaconsulting.hu\/index.php?rest_route=\/wp\/v2\/pages"}],"about":[{"href":"https:\/\/www.prizmaconsulting.hu\/index.php?rest_route=\/wp\/v2\/types\/page"}],"author":[{"embeddable":true,"href":"https:\/\/www.prizmaconsulting.hu\/index.php?rest_route=\/wp\/v2\/users\/1"}],"replies":[{"embeddable":true,"href":"https:\/\/www.prizmaconsulting.hu\/index.php?rest_route=%2Fwp%2Fv2%2Fcomments&post=547"}],"version-history":[{"count":14,"href":"https:\/\/www.prizmaconsulting.hu\/index.php?rest_route=\/wp\/v2\/pages\/547\/revisions"}],"predecessor-version":[{"id":1450,"href":"https:\/\/www.prizmaconsulting.hu\/index.php?rest_route=\/wp\/v2\/pages\/547\/revisions\/1450"}],"wp:attachment":[{"href":"https:\/\/www.prizmaconsulting.hu\/index.php?rest_route=%2Fwp%2Fv2%2Fmedia&parent=547"}],"curies":[{"name":"wp","href":"https:\/\/api.w.org\/{rel}","templated":true}]}}