{"id":242,"date":"2019-05-25T12:18:57","date_gmt":"2019-05-25T12:18:57","guid":{"rendered":"http:\/\/www.prizmaconsulting.hu\/?page_id=242"},"modified":"2023-09-25T12:16:32","modified_gmt":"2023-09-25T13:16:32","slug":"bemutatkozas-2","status":"publish","type":"page","link":"https:\/\/www.prizmaconsulting.hu\/?page_id=242","title":{"rendered":"Bemutatkoz\u00e1s"},"content":{"rendered":"\n<div class=\"wp-block-media-text alignwide has-media-on-the-right is-stacked-on-mobile\" style=\"grid-template-columns:auto 34%\"><div class=\"wp-block-media-text__content\">\n<h2 class=\"wp-block-heading\"><strong>Csomort\u00e1ni T\u00fcnde, MBA, PMI-PBA<\/strong><\/h2>\n\n\n\n<p style=\"font-size:18px\"><strong>V\u00e1llalatfejleszt\u00e9s<\/strong> \u00e9s <strong>\u00dczletfejleszt\u00e9s<\/strong> ter\u00fclet\u00e9n t\u00f6bb mint 25 \u00e9v tapasztalattal rendelkezem. Sz\u00e9lesk\u00f6r\u0171 ismereteimet sz\u00e1mos \u00fczleti feladatban val\u00f3 r\u00e9szv\u00e9tellel szerzetem, a termel\u0151, energetikai- \u00e9s p\u00e9nz\u00fcgyi szektorban. Rendelkezem azzal a k\u00e9pess\u00e9ggel, amivel <strong>a teljes k\u00e9pet &#8211; \u201cthe big picture\u201d &#8211; l\u00e1tom<\/strong>: a v\u00e1llalati strat\u00e9gia, a szervezeti strukt\u00fara, a szab\u00e1lyoz\u00e1s, az \u00fczleti folyamatok, valamint az informatikai rendszerek, applik\u00e1ci\u00f3k \u00e1ltal szabott korl\u00e1tok \u00e9s lehet\u0151s\u00e9gek vonatkoz\u00e1s\u00e1ban. <\/p>\n\n\n\n<p style=\"font-size:18px\"><strong>Hiszek abban, hogy az \u00fczleti \u00e9rt\u00e9k megteremt\u00e9s\u00e9hez az elemz\u00e9sen kereszt\u00fcl vezet az \u00fat. Egy v\u00e1llalat val\u00f3di m\u0171k\u00f6d\u00e9s\u00e9t pedig az adataib\u00f3l (m\u00e9rhet\u0151 \u00e9s nem m\u00e9rhet\u0151) lehet igaz\u00e1n j\u00f3l megismerni.<\/strong><\/p>\n\n\n\n<p style=\"font-size:18px\">Ezt k\u00edv\u00e1nom folytatni a j\u00f6v\u0151ben is, de fontos sz\u00e1momra az is, hogy a tud\u00e1somat a j\u00f6v\u0151 gener\u00e1ci\u00f3nak \u00e1tadjam, mentork\u00e9nt vagy oktat\u00f3k\u00e9nt.<\/p>\n\n\n\n<p style=\"font-size:18px\"><strong>Nemzetk\u00f6zi szakvizsg\u00e1val<\/strong> rendelkez\u0151 \u00fczleti elemz\u0151k\u00e9nt <strong>\u00fczleti \u00e9rt\u00e9ket<\/strong> teremtek az\u00e1ltal, hogy az \u00fcgyfeleimmel k\u00f6z\u00f6sen megfogalmazott probl\u00e9m\u00e1kra (\u00fczleti ig\u00e9ny) a <strong>legjobb megold\u00e1s megval\u00f3s\u00edt\u00e1s\u00e1ra t\u00f6reksze<\/strong>m. V\u00e9lem\u00e9nyem szerint a gyorsan v\u00e1ltoz\u00f3 vil\u00e1gunkban a fejleszt\u00e9si folyamatokat <strong>az \u201eagilit\u00e1s\u201d korszer\u0171 elvei <\/strong>ment\u00e9n tudjuk hat\u00e9konyan t\u00e1mogatni.<\/p>\n<\/div><figure class=\"wp-block-media-text__media\"><img fetchpriority=\"high\" decoding=\"async\" width=\"480\" height=\"720\" src=\"https:\/\/mlmuispqghfu.i.optimole.com\/w:auto\/h:auto\/q:mauto\/f:best\/http:\/\/www.prizmaconsulting.hu\/wp-content\/uploads\/2019\/05\/tunde_hatternelkul.png\" alt=\"\" class=\"wp-image-257 size-full\" srcset=\"https:\/\/mlmuispqghfu.i.optimole.com\/w:auto\/h:auto\/q:mauto\/f:best\/https:\/\/www.prizmaconsulting.hu\/wp-content\/uploads\/2019\/05\/tunde_hatternelkul.png 480w, https:\/\/mlmuispqghfu.i.optimole.com\/w:200\/h:300\/q:mauto\/f:best\/https:\/\/www.prizmaconsulting.hu\/wp-content\/uploads\/2019\/05\/tunde_hatternelkul.png 200w\" sizes=\"(max-width: 480px) 100vw, 480px\" \/><\/figure><\/div>\n\n\n\n<p class=\"has-text-align-left\" style=\"font-size:18px\"><strong>K\u00f6zgazd\u00e1szk\u00e9nt<\/strong> v\u00e9geztem. P\u00e1ly\u00e1mat r\u00f6gt\u00f6n a rendszerv\u00e1lt\u00e1s ut\u00e1n kezdtem, \u00e9s igen izgalmas \u00e9veket \u00e9ltem meg. Minden v\u00e1ltozott. M\u00e1r a tanulm\u00e1nyaim sor\u00e1n is \u00e9rz\u00e9kelhet\u0151 volt, hogy igen szerte\u00e1gaz\u00f3, folyamatosan meg\u00fajul\u00f3 ter\u00fcletre \u00e9rkeztem, ahol <strong>egy a biztos: a v\u00e1ltoz\u00e1s<\/strong>, \u00e9s hogy ezt milyen intenzit\u00e1ssal \u00e9lem meg, ez kiz\u00e1r\u00f3lag rajtam m\u00falik, azon, hogy mennyire vagyok nyitott a vil\u00e1gra. <strong>Mindig arra kerestem a v\u00e1laszt, hogyan lehet valamit jobb\u00e1, j\u00f6vedelmez\u0151bb\u00e9 tenni<\/strong>. <\/p>\n\n\n\n<p><\/p>\n\n\n\n<p><\/p>\n\n\n\n<div class=\"wp-block-buttons is-layout-flex wp-block-buttons-is-layout-flex\">\n<div class=\"wp-block-button has-custom-width wp-block-button__width-100 alignleft\"><a class=\"wp-block-button__link has-background wp-element-button\" href=\"https:\/\/www.prizmaconsulting.hu\/\" style=\"border-radius:0px;background-color:#117aa7\">Vissza a kezd\u0151oldalra<\/a><\/div>\n<\/div>\n","protected":false},"excerpt":{"rendered":"<p>Csomort\u00e1ni T\u00fcnde, MBA, PMI-PBA V\u00e1llalatfejleszt\u00e9s \u00e9s \u00dczletfejleszt\u00e9s ter\u00fclet\u00e9n t\u00f6bb mint 25 \u00e9v tapasztalattal rendelkezem. Sz\u00e9lesk\u00f6r\u0171 ismereteimet sz\u00e1mos \u00fczleti feladatban val\u00f3 r\u00e9szv\u00e9tellel szerzetem, a termel\u0151, energetikai- \u00e9s p\u00e9nz\u00fcgyi szektorban. Rendelkezem azzal &#8230;<\/p>\n","protected":false},"author":1,"featured_media":403,"parent":0,"menu_order":0,"comment_status":"closed","ping_status":"closed","template":"template-fullwidth.php","meta":{"_themeisle_gutenberg_block_has_review":false,"_ti_tpc_template_sync":false,"_ti_tpc_template_id":"","footnotes":""},"class_list":["post-242","page","type-page","status-publish","has-post-thumbnail","hentry"],"_links":{"self":[{"href":"https:\/\/www.prizmaconsulting.hu\/index.php?rest_route=\/wp\/v2\/pages\/242","targetHints":{"allow":["GET"]}}],"collection":[{"href":"https:\/\/www.prizmaconsulting.hu\/index.php?rest_route=\/wp\/v2\/pages"}],"about":[{"href":"https:\/\/www.prizmaconsulting.hu\/index.php?rest_route=\/wp\/v2\/types\/page"}],"author":[{"embeddable":true,"href":"https:\/\/www.prizmaconsulting.hu\/index.php?rest_route=\/wp\/v2\/users\/1"}],"replies":[{"embeddable":true,"href":"https:\/\/www.prizmaconsulting.hu\/index.php?rest_route=%2Fwp%2Fv2%2Fcomments&post=242"}],"version-history":[{"count":24,"href":"https:\/\/www.prizmaconsulting.hu\/index.php?rest_route=\/wp\/v2\/pages\/242\/revisions"}],"predecessor-version":[{"id":1195,"href":"https:\/\/www.prizmaconsulting.hu\/index.php?rest_route=\/wp\/v2\/pages\/242\/revisions\/1195"}],"wp:featuredmedia":[{"embeddable":true,"href":"https:\/\/www.prizmaconsulting.hu\/index.php?rest_route=\/wp\/v2\/media\/403"}],"wp:attachment":[{"href":"https:\/\/www.prizmaconsulting.hu\/index.php?rest_route=%2Fwp%2Fv2%2Fmedia&parent=242"}],"curies":[{"name":"wp","href":"https:\/\/api.w.org\/{rel}","templated":true}]}}