{"id":2,"date":"2018-12-12T09:29:09","date_gmt":"2018-12-12T09:29:09","guid":{"rendered":"http:\/\/www.prizmaconsulting.hu\/?page_id=2"},"modified":"2023-11-06T21:35:22","modified_gmt":"2023-11-06T22:35:22","slug":"szolgaltatas-ba","status":"publish","type":"page","link":"https:\/\/www.prizmaconsulting.hu\/?page_id=2","title":{"rendered":"Az \u00fczleti c\u00e9lok \u00e9letre kelt\u00e9se"},"content":{"rendered":"\n<p style=\"font-size:18px\">Sok\u00e9ves tapasztalatunkkal kifejlesztett m\u00f3dszertanunk birtok\u00e1ban felt\u00e1rjuk a probl\u00e9m\u00e1kat, meghat\u00e1rozzuk az \u00fczleti \u00e9rt\u00e9keket \u00e9s beazonos\u00edtjuk az \u00fczleti lehet\u0151s\u00e9geket. <\/p>\n\n\n\n<p style=\"font-size:18px\">Megkeress\u00fck a lehets\u00e9ges megold\u00e1si ir\u00e1nyokat, \u00f6sszegy\u0171jtj\u00fck, elemezz\u00fck \u00e9s seg\u00edt\u00fcnk megval\u00f3s\u00edt\u00e1sban.  <\/p>\n\n\n\n<p style=\"font-size:18px\">\u00dcgyfeleinkkel k\u00f6z\u00f6sen t\u00f6reksz\u00fcnk arra, hogy a v\u00e9geredm\u00e9ny a legnagyobb \u00fczleti \u00e9rt\u00e9ket biztos\u00edtsa, ami a gyakorlatban m\u00e9rhet\u0151 n\u00f6veked\u00e9s jelent megb\u00edz\u00f3nk sz\u00e1m\u00e1ra.<\/p>\n\n\n\n<div class=\"wp-block-buttons is-content-justification-space-between is-layout-flex wp-container-core-buttons-is-layout-1 wp-block-buttons-is-layout-flex\">\n<div class=\"wp-block-button has-custom-width wp-block-button__width-50 has-custom-font-size alignleft is-style-outline is-style-outline--1\" style=\"font-size:18px\"><a class=\"wp-block-button__link has-white-color has-text-color has-background wp-element-button\" href=\"https:\/\/www.prizmaconsulting.hu\/?page_id=179\" style=\"border-radius:0px;background-color:#117aa7\">Tov\u00e1bbi r\u00e9szletek<\/a><\/div>\n\n\n\n<div class=\"wp-block-button has-custom-width wp-block-button__width-50 has-custom-font-size alignleft is-style-fill\" style=\"font-size:18px\"><a class=\"wp-block-button__link has-white-color has-text-color has-background wp-element-button\" href=\"https:\/\/www.prizmaconsulting.hu\/?page_id=356\" style=\"border-radius:0px;background-color:#117aa7\">Aj\u00e1nlatk\u00e9r\u00e9s<\/a><\/div>\n<\/div>\n","protected":false},"excerpt":{"rendered":"<p>Sok\u00e9ves tapasztalatunkkal kifejlesztett m\u00f3dszertanunk birtok\u00e1ban felt\u00e1rjuk a probl\u00e9m\u00e1kat, meghat\u00e1rozzuk az \u00fczleti \u00e9rt\u00e9keket \u00e9s beazonos\u00edtjuk az \u00fczleti lehet\u0151s\u00e9geket. Megkeress\u00fck a lehets\u00e9ges megold\u00e1si ir\u00e1nyokat, \u00f6sszegy\u0171jtj\u00fck, elemezz\u00fck \u00e9s seg\u00edt\u00fcnk megval\u00f3s\u00edt\u00e1sban. \u00dcgyfeleinkkel k\u00f6z\u00f6sen t\u00f6reksz\u00fcnk &#8230;<\/p>\n","protected":false},"author":1,"featured_media":0,"parent":0,"menu_order":0,"comment_status":"open","ping_status":"open","template":"template-fullwidth.php","meta":{"_themeisle_gutenberg_block_has_review":false,"_ti_tpc_template_sync":false,"_ti_tpc_template_id":"","footnotes":""},"class_list":["post-2","page","type-page","status-publish","hentry"],"_links":{"self":[{"href":"https:\/\/www.prizmaconsulting.hu\/index.php?rest_route=\/wp\/v2\/pages\/2","targetHints":{"allow":["GET"]}}],"collection":[{"href":"https:\/\/www.prizmaconsulting.hu\/index.php?rest_route=\/wp\/v2\/pages"}],"about":[{"href":"https:\/\/www.prizmaconsulting.hu\/index.php?rest_route=\/wp\/v2\/types\/page"}],"author":[{"embeddable":true,"href":"https:\/\/www.prizmaconsulting.hu\/index.php?rest_route=\/wp\/v2\/users\/1"}],"replies":[{"embeddable":true,"href":"https:\/\/www.prizmaconsulting.hu\/index.php?rest_route=%2Fwp%2Fv2%2Fcomments&post=2"}],"version-history":[{"count":25,"href":"https:\/\/www.prizmaconsulting.hu\/index.php?rest_route=\/wp\/v2\/pages\/2\/revisions"}],"predecessor-version":[{"id":1449,"href":"https:\/\/www.prizmaconsulting.hu\/index.php?rest_route=\/wp\/v2\/pages\/2\/revisions\/1449"}],"wp:attachment":[{"href":"https:\/\/www.prizmaconsulting.hu\/index.php?rest_route=%2Fwp%2Fv2%2Fmedia&parent=2"}],"curies":[{"name":"wp","href":"https:\/\/api.w.org\/{rel}","templated":true}]}}