{"id":191,"date":"2019-05-24T23:17:20","date_gmt":"2019-05-24T23:17:20","guid":{"rendered":"http:\/\/www.prizmaconsulting.hu\/?page_id=191"},"modified":"2023-11-06T21:17:17","modified_gmt":"2023-11-06T22:17:17","slug":"agilis_tamogatas","status":"publish","type":"page","link":"https:\/\/www.prizmaconsulting.hu\/?page_id=191","title":{"rendered":"Agilis T\u00e1mogat\u00e1s"},"content":{"rendered":"\n<blockquote class=\"wp-block-quote has-medium-font-size is-layout-flow wp-block-quote-is-layout-flow\">\n<p style=\"font-size:18px\">&#8221; Vannak csapatok, amelyek tagjai remek\u00fcl kij\u00f6nnek egym\u00e1ssal, de a csapat m\u00e9gsem jut sehov\u00e1, mert ahhoz a j\u00f3 hangulatn\u00e1l t\u00f6bbre lenne sz\u00fcks\u00e9g. M\u00e9gpedig arra, hogy a k\u00f6z\u00f6s c\u00e9lok el\u00e9r\u00e9se \u00e9rdek\u00e9ben a megfelel\u0151 feladatokon dolgozzanak a megfelel\u0151 m\u00f3don \u00e9s a megfelel\u0151 id\u0151ben. Teljes\u00edteni\u00fck kell, \u00e9s ehhez csapatmunk\u00e1ra van sz\u00fcks\u00e9g.&#8221;<\/p>\n\n\n\n<p style=\"font-size:18px\">Henry Cloud (klinikai pszichol\u00f3gus, \u00edr\u00f3, el\u0151ad\u00f3)<\/p>\n<\/blockquote>\n\n\n\n<p style=\"font-size:18px\"><strong>Napjainkban az agilit\u00e1s b\u0171vk\u00f6r\u00e9ben \u00e9l\u00fcnk! <\/strong><\/p>\n\n\n\n<p style=\"font-size:18px\">Sz\u00e1munkra az agilit\u00e1s azt jelenti: <strong>rugalmasan alkalmazkodni a v\u00e1ltoz\u00f3 k\u00f6r\u00fclm\u00e9nyekhez<\/strong>! <\/p>\n\n\n\n<p style=\"font-size:18px\">Az Agilis T\u00e1mogat\u00e1s egy olyan egy\u00fcttm\u0171k\u00f6d\u00e9si folyamat, ahol \u00fcgyfeleinket k\u00eds\u00e9rj\u00fck \u00e9s t\u00e1mogatjuk egy k\u00f6z\u00f6sen kijel\u00f6lt feladat megval\u00f3s\u00edt\u00e1s\u00e1ban. Ez k\u00e9t m\u00f3don val\u00f3sulhat meg:<\/p>\n\n\n\n<ol class=\"wp-block-list\">\n<li style=\"font-size:18px\"><strong>egy\u00e9ni szinten<\/strong>, mikor, a v\u00e1llalat \u00e9rdekeit szem el\u0151tt tartva az egy\u00e9ni k\u00e9pess\u00e9gek fejleszt\u00e9se a c\u00e9l (mentor vagy  coach szerep).<\/li>\n\n\n\n<li style=\"font-size:18px\"><strong>csapat szinten<\/strong>, mikor a v\u00e1llalat \u00e9rdekeit szem el\u0151tt tartva t\u00f6bb emberrel kell egy\u00fctt dolgoznunk (tan\u00e1csad\u00f3i szerep)<\/li>\n<\/ol>\n\n\n\n<p style=\"font-size:18px\">Ehhez a teljes \u00fczleti elemz\u0151i \u00e9s coaching eszk\u00f6zt\u00e1runkat bevetj\u00fck, \u00e9s alkalmazzuk a <strong>korszer\u0171 agilis ir\u00e1nyelveket<\/strong>.  Ennek a szolg\u00e1ltat\u00e1snak az ereje abban rejlik, hogy az adott helyzetre szabva seg\u00edt\u00fcnk kialak\u00edtani egy olyan m\u0171k\u00f6d\u00e9si keretet (kommunik\u00e1ci\u00f3, dokumentumt\u00e1r, m\u0171k\u00f6d\u00e9si folyamat, d\u00f6nt\u00e9si, j\u00f3v\u00e1hagy\u00e1si protokoll) amivel hat\u00e9konyabban, ugyanakkor, a k\u00fcls\u0151 v\u00e1ltoz\u00e1sokra &#8222;\u00e9rz\u00e9kenyen&#8221; \u00e9rj\u00fck el a kit\u0171z\u00f6tt c\u00e9lt.  <\/p>\n\n\n\n<hr class=\"wp-block-separator has-alpha-channel-opacity is-style-wide\"\/>\n\n\n\n<h2 class=\"wp-block-heading\">Kapcsol\u00f3d\u00f3 tev\u00e9kenys\u00e9gek<\/h2>\n\n\n\n<h3 class=\"wp-block-heading\" style=\"font-size:20px;text-transform:lowercase\">1. egy\u00e9ni szint\u0171 t\u00e1mogat\u00e1s, mely folyamatszer\u0171en, t\u00f6bb alkalmas, szervezett tal\u00e1lkoz\u00f3 keretein bel\u00fcl m\u0171k\u00f6dik <\/h3>\n\n\n\n<div class=\"wp-block-columns is-layout-flex wp-container-core-columns-is-layout-1 wp-block-columns-is-layout-flex\">\n<div class=\"wp-block-column is-layout-flow wp-block-column-is-layout-flow\" style=\"flex-basis:33.33%\">\n<p><\/p>\n\n\n\n<p><\/p>\n\n\n\n<p><\/p>\n\n\n<div class=\"wp-block-image\">\n<figure class=\"aligncenter size-full\"><img fetchpriority=\"high\" decoding=\"async\" width=\"167\" height=\"96\" src=\"https:\/\/mlmuispqghfu.i.optimole.com\/w:auto\/h:auto\/q:mauto\/f:best\/https:\/\/www.prizmaconsulting.hu\/wp-content\/uploads\/2023\/08\/manager.png\" alt=\"\" class=\"wp-image-885\"\/><\/figure><\/div><\/div>\n\n\n\n<div class=\"wp-block-column is-layout-flow wp-block-column-is-layout-flow\" style=\"flex-basis:66.66%\">\n<h3 class=\"wp-block-heading\" style=\"font-size:18px\">T\u00e9mak\u00f6r\u00f6k:<\/h3>\n\n\n\n<ul class=\"wp-block-list\">\n<li style=\"font-size:18px\">Vezet\u0151i \u00e9s Menedzser k\u00e9pess\u00e9gek er\u0151s\u00edt\u00e9se, fejleszt\u00e9se<\/li>\n\n\n\n<li style=\"font-size:18px\">C\u00e9gsk\u00e1l\u00e1z\u00e1si technik\u00e1k (gyors n\u00f6veked\u00e9s, hirtelen megv\u00e1ltozott piaci helyzet)<\/li>\n\n\n\n<li style=\"font-size:18px\">V\u00e1ltoztat\u00e1si technik\u00e1k (elk\u00f6telez\u0151d\u00e9s, mir\u0151l-mire \u00e9s hogyan v\u00e1ltoztassunk)<\/li>\n\n\n\n<li style=\"font-size:18px\">V\u00e1ls\u00e1gmenedzsment technik\u00e1k<\/li>\n\n\n\n<li style=\"font-size:18px\">Stresszt\u0171r\u00e9s \u00e9s Kock\u00e1zatv\u00e1llal\u00e1s<\/li>\n\n\n\n<li style=\"font-size:18px\">T\u00e1rgyal\u00e1si technik\u00e1k<\/li>\n<\/ul>\n<\/div>\n<\/div>\n\n\n\n<h3 class=\"wp-block-heading\" style=\"font-size:20px;text-transform:lowercase\">2. csapat szint\u0171 tev\u00e9kenys\u00e9gek, melyek projekt alapon m\u0171k\u00f6dnek<\/h3>\n\n\n\n<figure class=\"wp-block-table\" style=\"font-size:13px\"><table><tbody><tr><td class=\"has-text-align-center\" data-align=\"center\"><img fetchpriority=\"high\" decoding=\"async\" width=\"96\" height=\"96\" class=\"wp-image-677\" style=\"width: 96px;\" src=\"https:\/\/mlmuispqghfu.i.optimole.com\/w:auto\/h:auto\/q:mauto\/f:best\/http:\/\/www.prizmaconsulting.hu\/wp-content\/uploads\/2023\/01\/ikon_uzletiertek.png\" alt=\"\u00dczleti \u00e9rt\u00e9k alap\u00fa ig\u00e9ny meghat\u00e1roz\u00e1s\"><\/td><td class=\"has-text-align-center\" data-align=\"center\"><img fetchpriority=\"high\" decoding=\"async\" width=\"96\" height=\"96\" class=\"wp-image-674\" style=\"width: 96px;\" src=\"https:\/\/mlmuispqghfu.i.optimole.com\/w:auto\/h:auto\/q:mauto\/f:best\/http:\/\/www.prizmaconsulting.hu\/wp-content\/uploads\/2023\/01\/ikon_scoping.png\" alt=\"Scope meghat\u00e1roz\u00e1s\"><\/td><td class=\"has-text-align-center\" data-align=\"center\"><img data-opt-src=\"https:\/\/mlmuispqghfu.i.optimole.com\/w:auto\/h:auto\/q:mauto\/f:best\/http:\/\/www.prizmaconsulting.hu\/wp-content\/uploads\/2023\/01\/ikon_projekt.png\"  decoding=\"async\" width=\"96\" height=\"96\" class=\"wp-image-671\" style=\"width: 96px;\" src=\"data:image/svg+xml,%3Csvg%20viewBox%3D%220%200%20100%%20100%%22%20width%3D%22100%%22%20height%3D%22100%%22%20xmlns%3D%22http%3A%2F%2Fwww.w3.org%2F2000%2Fsvg%22%3E%3Crect%20width%3D%22100%%22%20height%3D%22100%%22%20fill%3D%22transparent%22%2F%3E%3C%2Fsvg%3E\" alt=\"IT fejleszt\u00e9sek t\u00e1mogat\u00e1sa, k\u00f6vet\u00e9se\"><\/td><td class=\"has-text-align-center\" data-align=\"center\"><img data-opt-src=\"https:\/\/mlmuispqghfu.i.optimole.com\/w:auto\/h:auto\/q:mauto\/f:best\/http:\/\/www.prizmaconsulting.hu\/wp-content\/uploads\/2023\/01\/ikon_scopetartas.png\"  decoding=\"async\" width=\"96\" height=\"96\" class=\"wp-image-673\" style=\"width: 96px;\" src=\"data:image/svg+xml,%3Csvg%20viewBox%3D%220%200%20100%%20100%%22%20width%3D%22100%%22%20height%3D%22100%%22%20xmlns%3D%22http%3A%2F%2Fwww.w3.org%2F2000%2Fsvg%22%3E%3Crect%20width%3D%22100%%22%20height%3D%22100%%22%20fill%3D%22transparent%22%2F%3E%3C%2Fsvg%3E\" alt=\"Scope mederben tart\u00e1s\"><\/td><td class=\"has-text-align-center\" data-align=\"center\"><img data-opt-src=\"https:\/\/mlmuispqghfu.i.optimole.com\/w:auto\/h:auto\/q:mauto\/f:best\/http:\/\/www.prizmaconsulting.hu\/wp-content\/uploads\/2023\/01\/ikon_ertekeles.png\"  decoding=\"async\" width=\"96\" height=\"96\" class=\"wp-image-670\" style=\"width: 96px;\" src=\"data:image/svg+xml,%3Csvg%20viewBox%3D%220%200%20100%%20100%%22%20width%3D%22100%%22%20height%3D%22100%%22%20xmlns%3D%22http%3A%2F%2Fwww.w3.org%2F2000%2Fsvg%22%3E%3Crect%20width%3D%22100%%22%20height%3D%22100%%22%20fill%3D%22transparent%22%2F%3E%3C%2Fsvg%3E\" alt=\"Eredm\u00e9nyterm\u00e9k (megold\u00e1s) \u00e9rt\u00e9kel\u00e9s\"><\/td><\/tr><tr><td class=\"has-text-align-center\" data-align=\"center\"><strong>\u00dczleti \u00e9rt\u00e9k szeml\u00e9let\u0171, folyamatokra hangolt <\/strong><br><strong>ig\u00e9ny meghat\u00e1roz\u00e1s<\/strong><\/td><td class=\"has-text-align-center\" data-align=\"center\"><strong>K\u00f6vetelm\u00e9ny meghat\u00e1roz\u00e1s<\/strong><\/td><td class=\"has-text-align-center\" data-align=\"center\"><strong>Megold\u00e1s keres\u00e9s, megt\u00e9r\u00fcl\u00e9ssz\u00e1m\u00edt\u00e1s, d\u00f6nt\u00e9s t\u00e1mogat\u00e1s<\/strong><\/td><td class=\"has-text-align-center\" data-align=\"center\"><strong>Megold\u00e1s bevezet\u00e9se sor\u00e1n megrendel\u0151i \u00e9rdekk\u00e9pviselet<\/strong><\/td><td class=\"has-text-align-center\" data-align=\"center\"><strong>Megold\u00e1s \u00e9rt\u00e9kel\u00e9s<\/strong><\/td><\/tr><\/tbody><\/table><\/figure>\n\n\n\n<hr class=\"wp-block-separator has-alpha-channel-opacity is-style-wide\"\/>\n\n\n\n<div class=\"wp-block-buttons is-content-justification-right is-layout-flex wp-container-core-buttons-is-layout-1 wp-block-buttons-is-layout-flex\">\n<div class=\"wp-block-button has-custom-width wp-block-button__width-50 has-custom-font-size alignleft is-style-outline is-style-outline--1\" style=\"font-size:18px\"><a class=\"wp-block-button__link has-white-color has-text-color has-background wp-element-button\" href=\"https:\/\/www.prizmaconsulting.hu\/\" style=\"border-radius:0px;background-color:#117aa7\">Vissza a kezd\u0151oldalra<\/a><\/div>\n\n\n\n<div class=\"wp-block-button has-custom-width wp-block-button__width-50 alignright is-style-fill\"><a class=\"wp-block-button__link has-white-color has-text-color has-background wp-element-button\" href=\"https:\/\/www.prizmaconsulting.hu\/?page_id=356\" style=\"border-radius:0px;background-color:#117aa7\">Aj\u00e1nlatk\u00e9r\u00e9s<\/a><\/div>\n<\/div>\n","protected":false},"excerpt":{"rendered":"<p>&#8221; Vannak csapatok, amelyek tagjai remek\u00fcl kij\u00f6nnek egym\u00e1ssal, de a csapat m\u00e9gsem jut sehov\u00e1, mert ahhoz a j\u00f3 hangulatn\u00e1l t\u00f6bbre lenne sz\u00fcks\u00e9g. M\u00e9gpedig arra, hogy a k\u00f6z\u00f6s c\u00e9lok el\u00e9r\u00e9se \u00e9rdek\u00e9ben &#8230;<\/p>\n","protected":false},"author":1,"featured_media":408,"parent":0,"menu_order":0,"comment_status":"closed","ping_status":"closed","template":"template-fullwidth.php","meta":{"_themeisle_gutenberg_block_has_review":false,"_ti_tpc_template_sync":false,"_ti_tpc_template_id":"","footnotes":""},"class_list":["post-191","page","type-page","status-publish","has-post-thumbnail","hentry"],"_links":{"self":[{"href":"https:\/\/www.prizmaconsulting.hu\/index.php?rest_route=\/wp\/v2\/pages\/191","targetHints":{"allow":["GET"]}}],"collection":[{"href":"https:\/\/www.prizmaconsulting.hu\/index.php?rest_route=\/wp\/v2\/pages"}],"about":[{"href":"https:\/\/www.prizmaconsulting.hu\/index.php?rest_route=\/wp\/v2\/types\/page"}],"author":[{"embeddable":true,"href":"https:\/\/www.prizmaconsulting.hu\/index.php?rest_route=\/wp\/v2\/users\/1"}],"replies":[{"embeddable":true,"href":"https:\/\/www.prizmaconsulting.hu\/index.php?rest_route=%2Fwp%2Fv2%2Fcomments&post=191"}],"version-history":[{"count":33,"href":"https:\/\/www.prizmaconsulting.hu\/index.php?rest_route=\/wp\/v2\/pages\/191\/revisions"}],"predecessor-version":[{"id":1437,"href":"https:\/\/www.prizmaconsulting.hu\/index.php?rest_route=\/wp\/v2\/pages\/191\/revisions\/1437"}],"wp:featuredmedia":[{"embeddable":true,"href":"https:\/\/www.prizmaconsulting.hu\/index.php?rest_route=\/wp\/v2\/media\/408"}],"wp:attachment":[{"href":"https:\/\/www.prizmaconsulting.hu\/index.php?rest_route=%2Fwp%2Fv2%2Fmedia&parent=191"}],"curies":[{"name":"wp","href":"https:\/\/api.w.org\/{rel}","templated":true}]}}