{"id":151,"date":"2020-02-25T12:12:35","date_gmt":"2020-02-25T12:12:35","guid":{"rendered":"https:\/\/demosites.io\/lawyers-gb\/?page_id=151"},"modified":"2023-11-06T21:22:16","modified_gmt":"2023-11-06T22:22:16","slug":"news","status":"publish","type":"page","link":"https:\/\/www.prizmaconsulting.hu\/?page_id=151","title":{"rendered":"Blog"},"content":{"rendered":"<div class=\"wp-block-themeisle-blocks-posts-grid\" id=\"wp-block-themeisle-blocks-posts-grid-5aa3f4e7\"><div class=\"is-grid o-posts-grid-columns-3\"><div class=\"o-posts-grid-post-blog o-posts-grid-post-plain\"><div class=\"o-posts-grid-post\"><div class=\"o-posts-grid-post-image\"><a href=\"https:\/\/www.prizmaconsulting.hu\/?p=1523\"><img fetchpriority=\"high\" decoding=\"async\" width=\"1920\" height=\"1440\" src=\"https:\/\/mlmuispqghfu.i.optimole.com\/w:auto\/h:auto\/q:mauto\/f:best\/https:\/\/www.prizmaconsulting.hu\/wp-content\/uploads\/2019\/06\/sky-264778_1920.jpg\" class=\"attachment-full size-full\" alt=\"The impact of the managerial decision \/ A vezet\u0151i d\u00f6nt\u00e9s hat\u00e1sa\" srcset=\"https:\/\/mlmuispqghfu.i.optimole.com\/w:auto\/h:auto\/q:mauto\/f:best\/https:\/\/www.prizmaconsulting.hu\/wp-content\/uploads\/2019\/06\/sky-264778_1920.jpg 1920w, https:\/\/mlmuispqghfu.i.optimole.com\/w:300\/h:225\/q:mauto\/f:best\/https:\/\/www.prizmaconsulting.hu\/wp-content\/uploads\/2019\/06\/sky-264778_1920.jpg 300w, https:\/\/mlmuispqghfu.i.optimole.com\/w:768\/h:576\/q:mauto\/f:best\/https:\/\/www.prizmaconsulting.hu\/wp-content\/uploads\/2019\/06\/sky-264778_1920.jpg 768w, https:\/\/mlmuispqghfu.i.optimole.com\/w:1024\/h:768\/q:mauto\/f:best\/https:\/\/www.prizmaconsulting.hu\/wp-content\/uploads\/2019\/06\/sky-264778_1920.jpg 1024w\" sizes=\"(max-width: 1920px) 100vw, 1920px\" \/><\/a><\/div><div class=\"o-posts-grid-post-body\"><span class=\"o-posts-grid-post-category\"><a href=\"https:\/\/www.prizmaconsulting.hu\/?cat=63\">Esettanulm\u00e1ny<\/a><\/span><h4 class=\"o-posts-grid-post-title\"><a href=\"https:\/\/www.prizmaconsulting.hu\/?p=1523\">The impact of the managerial decision \/ A vezet\u0151i d\u00f6nt\u00e9s hat\u00e1sa<\/a><\/h4><p class=\"o-posts-grid-post-meta\">Posted on <time datetime=\"2023-12-13T08:17:52-01:00\">2023.12.13.<\/time> by <a href=\"https:\/\/www.prizmaconsulting.hu\/?author=286\">Tibor Horv\u00e1th<\/a><\/p><div class=\"o-posts-grid-post-description\"><p>This the late Salem Express&#8230; R.I.P. \u2013 The captain thought that a route shortcut and saving an \u2026<\/p><\/div><\/div><\/div><\/div><div class=\"o-posts-grid-post-blog o-posts-grid-post-plain\"><div class=\"o-posts-grid-post\"><div class=\"o-posts-grid-post-image\"><a href=\"https:\/\/www.prizmaconsulting.hu\/?p=1541\"><img fetchpriority=\"high\" decoding=\"async\" width=\"570\" height=\"450\" src=\"https:\/\/mlmuispqghfu.i.optimole.com\/w:auto\/h:auto\/q:mauto\/f:best\/https:\/\/www.prizmaconsulting.hu\/wp-content\/uploads\/2023\/12\/susteanibility_206.png\" class=\"attachment-full size-full\" alt=\"How sustainability becomes business value?  \/ Hogyan lesz a Fenntarthat\u00f3s\u00e1gb\u00f3l \u00fczleti \u00e9rt\u00e9k?\" srcset=\"https:\/\/mlmuispqghfu.i.optimole.com\/w:auto\/h:auto\/q:mauto\/f:best\/https:\/\/www.prizmaconsulting.hu\/wp-content\/uploads\/2023\/12\/susteanibility_206.png 570w, https:\/\/mlmuispqghfu.i.optimole.com\/w:300\/h:237\/q:mauto\/f:best\/https:\/\/www.prizmaconsulting.hu\/wp-content\/uploads\/2023\/12\/susteanibility_206.png 300w\" sizes=\"(max-width: 570px) 100vw, 570px\" \/><\/a><\/div><div class=\"o-posts-grid-post-body\"><span class=\"o-posts-grid-post-category\"><a href=\"https:\/\/www.prizmaconsulting.hu\/?cat=63\">Esettanulm\u00e1ny<\/a><\/span><h4 class=\"o-posts-grid-post-title\"><a href=\"https:\/\/www.prizmaconsulting.hu\/?p=1541\">How sustainability becomes business value?  \/ Hogyan lesz a Fenntarthat\u00f3s\u00e1gb\u00f3l \u00fczleti \u00e9rt\u00e9k?<\/a><\/h4><p class=\"o-posts-grid-post-meta\">Posted on <time datetime=\"2023-11-27T09:59:42-01:00\">2023.11.27.<\/time> by <a href=\"https:\/\/www.prizmaconsulting.hu\/?author=286\">Tibor Horv\u00e1th<\/a><\/p><div class=\"o-posts-grid-post-description\"><p>Another paramount example shows how ESG (Environment, Sustainability, Governance) is thriving busine\u2026<\/p><\/div><\/div><\/div><\/div><div class=\"o-posts-grid-post-blog o-posts-grid-post-plain\"><div class=\"o-posts-grid-post\"><div class=\"o-posts-grid-post-image\"><a href=\"https:\/\/www.prizmaconsulting.hu\/?p=1\"><img fetchpriority=\"high\" decoding=\"async\" width=\"276\" height=\"183\" src=\"https:\/\/mlmuispqghfu.i.optimole.com\/w:auto\/h:auto\/q:mauto\/f:best\/https:\/\/www.prizmaconsulting.hu\/wp-content\/uploads\/2023\/10\/ESGjpg.jpg\" class=\"attachment-full size-full\" alt=\"Mit jelent az ESG?\" \/><\/a><\/div><div class=\"o-posts-grid-post-body\"><span class=\"o-posts-grid-post-category\"><a href=\"https:\/\/www.prizmaconsulting.hu\/?cat=19\">Fenntarthat\u00f3s\u00e1g<\/a><\/span><h4 class=\"o-posts-grid-post-title\"><a href=\"https:\/\/www.prizmaconsulting.hu\/?p=1\">Mit jelent az ESG?<\/a><\/h4><p class=\"o-posts-grid-post-meta\">Posted on <time datetime=\"2023-10-13T22:44:59-01:00\">2023.10.13.<\/time> by <a href=\"https:\/\/www.prizmaconsulting.hu\/?author=91\">T\u00fcnde Csomort\u00e1ni<\/a><\/p><div class=\"o-posts-grid-post-description\"><p>Az ESG a Fenntarthat\u00f3s\u00e1g h\u00e1rom pill\u00e9re! Az ESG azt \u00edrja le, hogy egy v\u00e1llalat hogyan veszi figyelemb\u2026<\/p><\/div><\/div><\/div><\/div><div class=\"o-posts-grid-post-blog o-posts-grid-post-plain\"><div class=\"o-posts-grid-post\"><div class=\"o-posts-grid-post-image\"><a href=\"https:\/\/www.prizmaconsulting.hu\/?p=341\"><img data-opt-src=\"https:\/\/mlmuispqghfu.i.optimole.com\/w:auto\/h:auto\/q:mauto\/f:best\/https:\/\/www.prizmaconsulting.hu\/wp-content\/uploads\/2023\/10\/susteanibility_101.png\"  decoding=\"async\" width=\"300\" height=\"168\" src=\"data:image/svg+xml,%3Csvg%20viewBox%3D%220%200%20100%%20100%%22%20width%3D%22100%%22%20height%3D%22100%%22%20xmlns%3D%22http%3A%2F%2Fwww.w3.org%2F2000%2Fsvg%22%3E%3Crect%20width%3D%22100%%22%20height%3D%22100%%22%20fill%3D%22transparent%22%2F%3E%3C%2Fsvg%3E\" class=\"attachment-full size-full\" alt=\"A Fenntarthat\u00f3s\u00e1g Szab\u00e1lyoz\u00e1sa\" \/><\/a><\/div><div class=\"o-posts-grid-post-body\"><span class=\"o-posts-grid-post-category\"><a href=\"https:\/\/www.prizmaconsulting.hu\/?cat=19\">Fenntarthat\u00f3s\u00e1g<\/a><\/span><h4 class=\"o-posts-grid-post-title\"><a href=\"https:\/\/www.prizmaconsulting.hu\/?p=341\">A Fenntarthat\u00f3s\u00e1g Szab\u00e1lyoz\u00e1sa<\/a><\/h4><p class=\"o-posts-grid-post-meta\">Posted on <time datetime=\"2023-10-05T01:17:05-01:00\">2023.10.05.<\/time> by <a href=\"https:\/\/www.prizmaconsulting.hu\/?author=91\">T\u00fcnde Csomort\u00e1ni<\/a><\/p><div class=\"o-posts-grid-post-description\"><p>Az Eur\u00f3pai Uni\u00f3 az ENSZ Fenntarthat\u00f3 Fejl\u0151d\u00e9si C\u00e9ljai (Sustainable Development Goals &#8211; SDG) al\u2026<\/p><\/div><\/div><\/div><\/div><div class=\"o-posts-grid-post-blog o-posts-grid-post-plain\"><div class=\"o-posts-grid-post\"><div class=\"o-posts-grid-post-image\"><a href=\"https:\/\/www.prizmaconsulting.hu\/?p=349\"><img data-opt-src=\"https:\/\/mlmuispqghfu.i.optimole.com\/w:auto\/h:auto\/q:mauto\/f:best\/https:\/\/www.prizmaconsulting.hu\/wp-content\/uploads\/2023\/10\/susteanibility_109.png\"  decoding=\"async\" width=\"300\" height=\"168\" src=\"data:image/svg+xml,%3Csvg%20viewBox%3D%220%200%20100%%20100%%22%20width%3D%22100%%22%20height%3D%22100%%22%20xmlns%3D%22http%3A%2F%2Fwww.w3.org%2F2000%2Fsvg%22%3E%3Crect%20width%3D%22100%%22%20height%3D%22100%%22%20fill%3D%22transparent%22%2F%3E%3C%2Fsvg%3E\" class=\"attachment-full size-full\" alt=\"A Fenntarthat\u00f3s\u00e1gr\u00f3l\" \/><\/a><\/div><div class=\"o-posts-grid-post-body\"><span class=\"o-posts-grid-post-category\"><a href=\"https:\/\/www.prizmaconsulting.hu\/?cat=19\">Fenntarthat\u00f3s\u00e1g<\/a><\/span><h4 class=\"o-posts-grid-post-title\"><a href=\"https:\/\/www.prizmaconsulting.hu\/?p=349\">A Fenntarthat\u00f3s\u00e1gr\u00f3l<\/a><\/h4><p class=\"o-posts-grid-post-meta\">Posted on <time datetime=\"2023-10-01T02:01:44-01:00\">2023.10.01.<\/time> by <a href=\"https:\/\/www.prizmaconsulting.hu\/?author=91\">T\u00fcnde Csomort\u00e1ni<\/a><\/p><div class=\"o-posts-grid-post-description\"><p>R\u00f6vid \u00e1ttekint\u00e9s arr\u00f3l, hogyan v\u00e1lik mindennapjaink r\u00e9sz\u00e9v\u00e9 a fenntarthat\u00f3s\u00e1g. Tetszik, vagy sem, ko\u2026<\/p><\/div><\/div><\/div><\/div><\/div> <\/div>\n\n\n<p><\/p>\n\n\n\n<div class=\"wp-block-columns alignwide is-layout-flex wp-container-core-columns-is-layout-1 wp-block-columns-is-layout-flex\"><\/div>\n\n\n\n<div class=\"wp-block-columns is-layout-flex wp-container-core-columns-is-layout-2 wp-block-columns-is-layout-flex\">\n<div class=\"wp-block-column is-layout-flow wp-block-column-is-layout-flow\">\n<div class=\"wp-block-buttons is-layout-flex wp-block-buttons-is-layout-flex\">\n<div class=\"wp-block-button has-custom-width wp-block-button__width-50 has-custom-font-size alignleft\" style=\"font-size:18px\"><a class=\"wp-block-button__link has-background wp-element-button\" href=\"https:\/\/www.prizmaconsulting.hu\/\" style=\"border-radius:0px;background-color:#117aa7\">Vissza a kezd\u0151oldalra<\/a><\/div>\n\n\n\n<div class=\"wp-block-button has-custom-width wp-block-button__width-50 has-custom-font-size alignleft\" style=\"font-size:18px\"><a class=\"wp-block-button__link has-background wp-element-button\" href=\"https:\/\/www.prizmaconsulting.hu\/?page_id=356\" style=\"border-radius:0px;background-color:#117aa7\">Aj\u00e1nlatk\u00e9r\u00e9s<\/a><\/div>\n<\/div>\n<\/div>\n<\/div>\n","protected":false},"excerpt":{"rendered":"","protected":false},"author":1,"featured_media":1263,"parent":0,"menu_order":0,"comment_status":"closed","ping_status":"closed","template":"","meta":{"_themeisle_gutenberg_block_has_review":false,"_ti_tpc_template_sync":false,"_ti_tpc_template_id":"","footnotes":""},"class_list":["post-151","page","type-page","status-publish","has-post-thumbnail","hentry"],"_links":{"self":[{"href":"https:\/\/www.prizmaconsulting.hu\/index.php?rest_route=\/wp\/v2\/pages\/151","targetHints":{"allow":["GET"]}}],"collection":[{"href":"https:\/\/www.prizmaconsulting.hu\/index.php?rest_route=\/wp\/v2\/pages"}],"about":[{"href":"https:\/\/www.prizmaconsulting.hu\/index.php?rest_route=\/wp\/v2\/types\/page"}],"author":[{"embeddable":true,"href":"https:\/\/www.prizmaconsulting.hu\/index.php?rest_route=\/wp\/v2\/users\/1"}],"replies":[{"embeddable":true,"href":"https:\/\/www.prizmaconsulting.hu\/index.php?rest_route=%2Fwp%2Fv2%2Fcomments&post=151"}],"version-history":[{"count":8,"href":"https:\/\/www.prizmaconsulting.hu\/index.php?rest_route=\/wp\/v2\/pages\/151\/revisions"}],"predecessor-version":[{"id":1522,"href":"https:\/\/www.prizmaconsulting.hu\/index.php?rest_route=\/wp\/v2\/pages\/151\/revisions\/1522"}],"wp:featuredmedia":[{"embeddable":true,"href":"https:\/\/www.prizmaconsulting.hu\/index.php?rest_route=\/wp\/v2\/media\/1263"}],"wp:attachment":[{"href":"https:\/\/www.prizmaconsulting.hu\/index.php?rest_route=%2Fwp%2Fv2%2Fmedia&parent=151"}],"curies":[{"name":"wp","href":"https:\/\/api.w.org\/{rel}","templated":true}]}}